{"id":1345,"date":"2025-02-07T17:13:54","date_gmt":"2025-02-07T20:13:54","guid":{"rendered":"https:\/\/dev.tiktok.pro.br\/himpex\/?page_id=1345"},"modified":"2025-03-18T11:03:24","modified_gmt":"2025-03-18T14:03:24","slug":"servicos","status":"publish","type":"page","link":"https:\/\/himpex.com.br\/en\/servicos\/","title":{"rendered":"Services"},"content":{"rendered":"<div data-elementor-type=\"wp-page\" data-elementor-id=\"1345\" class=\"elementor elementor-1345\" data-elementor-post-type=\"page\">\n\t\t\t\t<div class=\"elementor-element elementor-element-ae5ef0f e-flex e-con-boxed e-con e-parent\" data-id=\"ae5ef0f\" data-element_type=\"container\" data-settings=\"{&quot;background_background&quot;:&quot;classic&quot;,&quot;jet_parallax_layout_list&quot;:[]}\">\n\t\t\t\t\t<div class=\"e-con-inner\">\n\t\t<div class=\"elementor-element elementor-element-f5600b1 e-con-full e-flex e-con e-child\" data-id=\"f5600b1\" data-element_type=\"container\" data-settings=\"{&quot;jet_parallax_layout_list&quot;:[]}\">\n\t\t\t\t<div class=\"elementor-element elementor-element-a9a01b9 elementor-widget elementor-widget-heading\" data-id=\"a9a01b9\" data-element_type=\"widget\" data-widget_type=\"heading.default\">\n\t\t\t\t<div class=\"elementor-widget-container\">\n\t\t\t\t\t<h1 class=\"elementor-heading-title elementor-size-default\">Services<\/h1>\t\t\t\t<\/div>\n\t\t\t\t<\/div>\n\t\t\t\t<div class=\"elementor-element elementor-element-165c6e1 elementor-widget-divider--view-line elementor-widget elementor-widget-divider\" data-id=\"165c6e1\" data-element_type=\"widget\" data-widget_type=\"divider.default\">\n\t\t\t\t<div class=\"elementor-widget-container\">\n\t\t\t\t\t\t\t<div class=\"elementor-divider\">\n\t\t\t<span class=\"elementor-divider-separator\">\n\t\t\t\t\t\t<\/span>\n\t\t<\/div>\n\t\t\t\t\t\t<\/div>\n\t\t\t\t<\/div>\n\t\t\t\t<div class=\"elementor-element elementor-element-34bd4bd elementor-widget elementor-widget-heading\" data-id=\"34bd4bd\" data-element_type=\"widget\" data-widget_type=\"heading.default\">\n\t\t\t\t<div class=\"elementor-widget-container\">\n\t\t\t\t\t<h2 class=\"elementor-heading-title elementor-size-default\"><a href=\"\/en\/himpex\/\">Home <\/a><font color=\"#F69200\">\/\/<\/font> <a href=\"\/en\/servicos\/\">Services<\/a><\/h2>\t\t\t\t<\/div>\n\t\t\t\t<\/div>\n\t\t\t\t<\/div>\n\t\t\t\t\t<\/div>\n\t\t\t\t<\/div>\n\t\t<div class=\"elementor-element elementor-element-b2c5ad2 e-flex e-con-boxed e-con e-parent\" data-id=\"b2c5ad2\" data-element_type=\"container\" data-settings=\"{&quot;background_background&quot;:&quot;gradient&quot;,&quot;jet_parallax_layout_list&quot;:[]}\">\n\t\t\t\t\t<div class=\"e-con-inner\">\n\t\t<div class=\"elementor-element elementor-element-c8bded4 e-con-full e-flex e-con e-child\" data-id=\"c8bded4\" data-element_type=\"container\" data-settings=\"{&quot;jet_parallax_layout_list&quot;:[]}\">\n\t\t\t\t<div class=\"elementor-element elementor-element-8d8edc8 elementor-widget elementor-widget-text-editor\" data-id=\"8d8edc8\" data-element_type=\"widget\" data-settings=\"{&quot;_animation&quot;:&quot;none&quot;}\" data-widget_type=\"text-editor.default\">\n\t\t\t\t<div class=\"elementor-widget-container\">\n\t\t\t\t\t\t\t\t\t<p><span style=\"font-weight: 400;\">At H.Impex, we provide comprehensive foreign trade solutions, from international freight to customs clearance and road logistics. With efficiency, security, and innovation, we ensure that your cargo reaches its destination smoothly. Discover our services!<\/span><\/p>\t\t\t\t\t\t\t\t<\/div>\n\t\t\t\t<\/div>\n\t\t\t\t<\/div>\n\t\t\t\t\t<\/div>\n\t\t\t\t<\/div>\n\t\t<div class=\"elementor-element elementor-element-471d894 blocos-servicos e-flex e-con-boxed elementor-invisible e-con e-parent\" data-id=\"471d894\" data-element_type=\"container\" data-settings=\"{&quot;jet_parallax_layout_list&quot;:[{&quot;_id&quot;:&quot;36eccb2&quot;,&quot;jet_parallax_layout_image&quot;:{&quot;url&quot;:&quot;&quot;,&quot;id&quot;:&quot;&quot;,&quot;size&quot;:&quot;&quot;},&quot;jet_parallax_layout_image_tablet&quot;:{&quot;url&quot;:&quot;&quot;,&quot;id&quot;:&quot;&quot;,&quot;size&quot;:&quot;&quot;},&quot;jet_parallax_layout_image_mobile&quot;:{&quot;url&quot;:&quot;&quot;,&quot;id&quot;:&quot;&quot;,&quot;size&quot;:&quot;&quot;},&quot;jet_parallax_layout_speed&quot;:{&quot;unit&quot;:&quot;%&quot;,&quot;size&quot;:50,&quot;sizes&quot;:[]},&quot;jet_parallax_layout_type&quot;:&quot;scroll&quot;,&quot;jet_parallax_layout_direction&quot;:&quot;1&quot;,&quot;jet_parallax_layout_fx_direction&quot;:null,&quot;jet_parallax_layout_z_index&quot;:&quot;&quot;,&quot;jet_parallax_layout_bg_x&quot;:50,&quot;jet_parallax_layout_bg_x_tablet&quot;:&quot;&quot;,&quot;jet_parallax_layout_bg_x_mobile&quot;:&quot;&quot;,&quot;jet_parallax_layout_bg_y&quot;:50,&quot;jet_parallax_layout_bg_y_tablet&quot;:&quot;&quot;,&quot;jet_parallax_layout_bg_y_mobile&quot;:&quot;&quot;,&quot;jet_parallax_layout_bg_size&quot;:&quot;auto&quot;,&quot;jet_parallax_layout_bg_size_tablet&quot;:&quot;&quot;,&quot;jet_parallax_layout_bg_size_mobile&quot;:&quot;&quot;,&quot;jet_parallax_layout_animation_prop&quot;:&quot;transform&quot;,&quot;jet_parallax_layout_on&quot;:[&quot;desktop&quot;,&quot;tablet&quot;]}],&quot;animation&quot;:&quot;fadeIn&quot;,&quot;background_background&quot;:&quot;gradient&quot;}\">\n\t\t\t\t\t<div class=\"e-con-inner\">\n\t\t\t\t<div class=\"elementor-element elementor-element-55ec40b elementor-widget elementor-widget-heading\" data-id=\"55ec40b\" data-element_type=\"widget\" data-widget_type=\"heading.default\">\n\t\t\t\t<div class=\"elementor-widget-container\">\n\t\t\t\t\t<h2 class=\"elementor-heading-title elementor-size-default\">Freight Forwarding<\/h2>\t\t\t\t<\/div>\n\t\t\t\t<\/div>\n\t\t<div class=\"elementor-element elementor-element-bc3220e e-con-full e-flex e-con e-child\" data-id=\"bc3220e\" data-element_type=\"container\" data-settings=\"{&quot;jet_parallax_layout_list&quot;:[]}\">\n\t\t<div class=\"elementor-element elementor-element-43b0af6 e-con-full e-flex e-con e-child\" data-id=\"43b0af6\" data-element_type=\"container\" data-settings=\"{&quot;jet_parallax_layout_list&quot;:[]}\">\n\t\t\t\t<div class=\"elementor-element elementor-element-296db97 elementor-position-top elementor-widget elementor-widget-image-box\" data-id=\"296db97\" data-element_type=\"widget\" data-widget_type=\"image-box.default\">\n\t\t\t\t<div class=\"elementor-widget-container\">\n\t\t\t\t\t<div class=\"elementor-image-box-wrapper\"><figure class=\"elementor-image-box-img\"><a href=\"https:\/\/himpex.com.br\/en\/agenciamento-de-carga\/\" tabindex=\"-1\"><img fetchpriority=\"high\" decoding=\"async\" width=\"769\" height=\"520\" src=\"https:\/\/himpex.com.br\/wp-content\/uploads\/2025\/03\/agenciamento_de_carga-1.webp\" class=\"attachment-full size-full wp-image-2423\" alt=\"\" srcset=\"https:\/\/himpex.com.br\/wp-content\/uploads\/2025\/03\/agenciamento_de_carga-1.webp 769w, https:\/\/himpex.com.br\/wp-content\/uploads\/2025\/03\/agenciamento_de_carga-1-300x203.webp 300w, https:\/\/himpex.com.br\/wp-content\/uploads\/2025\/03\/agenciamento_de_carga-1-18x12.webp 18w\" sizes=\"(max-width: 769px) 100vw, 769px\" \/><\/a><\/figure><div class=\"elementor-image-box-content\"><h3 class=\"elementor-image-box-title\"><a href=\"https:\/\/himpex.com.br\/en\/agenciamento-de-carga\/\">Freight Forwarding<\/a><\/h3><p class=\"elementor-image-box-description\">Efficient international freight with competitive pricing, ensuring quality from origin to destination.<\/p><\/div><\/div>\t\t\t\t<\/div>\n\t\t\t\t<\/div>\n\t\t\t\t<div class=\"elementor-element elementor-element-5334d8a elementor-align-center elementor-widget elementor-widget-button\" data-id=\"5334d8a\" data-element_type=\"widget\" data-widget_type=\"button.default\">\n\t\t\t\t<div class=\"elementor-widget-container\">\n\t\t\t\t\t\t\t\t\t<div class=\"elementor-button-wrapper\">\n\t\t\t\t\t<a class=\"elementor-button elementor-button-link elementor-size-sm\" href=\"https:\/\/himpex.com.br\/en\/agenciamento-de-carga\/\">\n\t\t\t\t\t\t<span class=\"elementor-button-content-wrapper\">\n\t\t\t\t\t\t<span class=\"elementor-button-icon\">\n\t\t\t\t<i aria-hidden=\"true\" class=\"ti-arrow-top-right\"><\/i>\t\t\t<\/span>\n\t\t\t\t\t\t\t\t\t<span class=\"elementor-button-text\">More details<\/span>\n\t\t\t\t\t<\/span>\n\t\t\t\t\t<\/a>\n\t\t\t\t<\/div>\n\t\t\t\t\t\t\t\t<\/div>\n\t\t\t\t<\/div>\n\t\t\t\t<\/div>\n\t\t<div class=\"elementor-element elementor-element-ae8fb3c e-con-full e-flex e-con e-child\" data-id=\"ae8fb3c\" data-element_type=\"container\" data-settings=\"{&quot;jet_parallax_layout_list&quot;:[]}\">\n\t\t\t\t<div class=\"elementor-element elementor-element-2399434 elementor-position-top elementor-widget elementor-widget-image-box\" data-id=\"2399434\" data-element_type=\"widget\" data-widget_type=\"image-box.default\">\n\t\t\t\t<div class=\"elementor-widget-container\">\n\t\t\t\t\t<div class=\"elementor-image-box-wrapper\"><figure class=\"elementor-image-box-img\"><a href=\"https:\/\/himpex.com.br\/en\/assessoria-aduaneira\/\" tabindex=\"-1\"><img decoding=\"async\" width=\"769\" height=\"520\" src=\"https:\/\/himpex.com.br\/wp-content\/uploads\/2025\/03\/assesso_ria-1.webp\" class=\"attachment-full size-full wp-image-2461\" alt=\"\" srcset=\"https:\/\/himpex.com.br\/wp-content\/uploads\/2025\/03\/assesso_ria-1.webp 769w, https:\/\/himpex.com.br\/wp-content\/uploads\/2025\/03\/assesso_ria-1-300x203.webp 300w, https:\/\/himpex.com.br\/wp-content\/uploads\/2025\/03\/assesso_ria-1-18x12.webp 18w\" sizes=\"(max-width: 769px) 100vw, 769px\" \/><\/a><\/figure><div class=\"elementor-image-box-content\"><h3 class=\"elementor-image-box-title\"><a href=\"https:\/\/himpex.com.br\/en\/assessoria-aduaneira\/\">Customs Consulting<\/a><\/h3><p class=\"elementor-image-box-description\">Fast and hassle-free customs clearance, providing consulting services that add value to your business.<\/p><\/div><\/div>\t\t\t\t<\/div>\n\t\t\t\t<\/div>\n\t\t\t\t<div class=\"elementor-element elementor-element-26e66f3 elementor-align-center elementor-widget elementor-widget-button\" data-id=\"26e66f3\" data-element_type=\"widget\" data-widget_type=\"button.default\">\n\t\t\t\t<div class=\"elementor-widget-container\">\n\t\t\t\t\t\t\t\t\t<div class=\"elementor-button-wrapper\">\n\t\t\t\t\t<a class=\"elementor-button elementor-button-link elementor-size-sm\" href=\"https:\/\/himpex.com.br\/en\/assessoria-aduaneira\/\">\n\t\t\t\t\t\t<span class=\"elementor-button-content-wrapper\">\n\t\t\t\t\t\t<span class=\"elementor-button-icon\">\n\t\t\t\t<i aria-hidden=\"true\" class=\"ti-arrow-top-right\"><\/i>\t\t\t<\/span>\n\t\t\t\t\t\t\t\t\t<span class=\"elementor-button-text\">More details<\/span>\n\t\t\t\t\t<\/span>\n\t\t\t\t\t<\/a>\n\t\t\t\t<\/div>\n\t\t\t\t\t\t\t\t<\/div>\n\t\t\t\t<\/div>\n\t\t\t\t<\/div>\n\t\t<div class=\"elementor-element elementor-element-bd71724 e-con-full e-flex e-con e-child\" data-id=\"bd71724\" data-element_type=\"container\" data-settings=\"{&quot;jet_parallax_layout_list&quot;:[]}\">\n\t\t\t\t<div class=\"elementor-element elementor-element-4df272e elementor-position-top elementor-widget elementor-widget-image-box\" data-id=\"4df272e\" data-element_type=\"widget\" data-widget_type=\"image-box.default\">\n\t\t\t\t<div class=\"elementor-widget-container\">\n\t\t\t\t\t<div class=\"elementor-image-box-wrapper\"><figure class=\"elementor-image-box-img\"><a href=\"https:\/\/himpex.com.br\/en\/logistica-rodoviaria\/\" tabindex=\"-1\"><img decoding=\"async\" width=\"769\" height=\"520\" src=\"https:\/\/himpex.com.br\/wp-content\/uploads\/2025\/03\/logistica03.webp\" class=\"attachment-full size-full wp-image-2426\" alt=\"\" srcset=\"https:\/\/himpex.com.br\/wp-content\/uploads\/2025\/03\/logistica03.webp 769w, https:\/\/himpex.com.br\/wp-content\/uploads\/2025\/03\/logistica03-300x203.webp 300w, https:\/\/himpex.com.br\/wp-content\/uploads\/2025\/03\/logistica03-18x12.webp 18w\" sizes=\"(max-width: 769px) 100vw, 769px\" \/><\/a><\/figure><div class=\"elementor-image-box-content\"><h3 class=\"elementor-image-box-title\"><a href=\"https:\/\/himpex.com.br\/en\/logistica-rodoviaria\/\">Road Logistics<\/a><\/h3><p class=\"elementor-image-box-description\">A fast and secure road transport process, handling every detail of your cargo\u2019s journey.<\/p><\/div><\/div>\t\t\t\t<\/div>\n\t\t\t\t<\/div>\n\t\t\t\t<div class=\"elementor-element elementor-element-779fbea elementor-align-center elementor-widget elementor-widget-button\" data-id=\"779fbea\" data-element_type=\"widget\" data-widget_type=\"button.default\">\n\t\t\t\t<div class=\"elementor-widget-container\">\n\t\t\t\t\t\t\t\t\t<div class=\"elementor-button-wrapper\">\n\t\t\t\t\t<a class=\"elementor-button elementor-button-link elementor-size-sm\" href=\"https:\/\/himpex.com.br\/en\/logistica-rodoviaria\/\">\n\t\t\t\t\t\t<span class=\"elementor-button-content-wrapper\">\n\t\t\t\t\t\t<span class=\"elementor-button-icon\">\n\t\t\t\t<i aria-hidden=\"true\" class=\"ti-arrow-top-right\"><\/i>\t\t\t<\/span>\n\t\t\t\t\t\t\t\t\t<span class=\"elementor-button-text\">More details<\/span>\n\t\t\t\t\t<\/span>\n\t\t\t\t\t<\/a>\n\t\t\t\t<\/div>\n\t\t\t\t\t\t\t\t<\/div>\n\t\t\t\t<\/div>\n\t\t\t\t<\/div>\n\t\t<div class=\"elementor-element elementor-element-40a389d e-con-full e-flex e-con e-child\" data-id=\"40a389d\" data-element_type=\"container\" data-settings=\"{&quot;jet_parallax_layout_list&quot;:[]}\">\n\t\t\t\t<div class=\"elementor-element elementor-element-4e7b0dc elementor-position-top elementor-widget elementor-widget-image-box\" data-id=\"4e7b0dc\" data-element_type=\"widget\" data-widget_type=\"image-box.default\">\n\t\t\t\t<div class=\"elementor-widget-container\">\n\t\t\t\t\t<div class=\"elementor-image-box-wrapper\"><figure class=\"elementor-image-box-img\"><a href=\"https:\/\/himpex.com.br\/en\/360-cargo\/\" tabindex=\"-1\"><img loading=\"lazy\" decoding=\"async\" width=\"769\" height=\"520\" src=\"https:\/\/himpex.com.br\/wp-content\/uploads\/2025\/03\/cargo365_.webp\" class=\"attachment-full size-full wp-image-2430\" alt=\"\" srcset=\"https:\/\/himpex.com.br\/wp-content\/uploads\/2025\/03\/cargo365_.webp 769w, https:\/\/himpex.com.br\/wp-content\/uploads\/2025\/03\/cargo365_-300x203.webp 300w, https:\/\/himpex.com.br\/wp-content\/uploads\/2025\/03\/cargo365_-18x12.webp 18w\" sizes=\"(max-width: 769px) 100vw, 769px\" \/><\/a><\/figure><div class=\"elementor-image-box-content\"><h3 class=\"elementor-image-box-title\"><a href=\"https:\/\/himpex.com.br\/en\/360-cargo\/\">360 Cargo<\/a><\/h3><p class=\"elementor-image-box-description\">A complete solution\u2014we take care of everything for you: international freight, customs clearance, and logistics.<\/p><\/div><\/div>\t\t\t\t<\/div>\n\t\t\t\t<\/div>\n\t\t\t\t<div class=\"elementor-element elementor-element-685bb16 elementor-align-center elementor-widget elementor-widget-button\" data-id=\"685bb16\" data-element_type=\"widget\" data-widget_type=\"button.default\">\n\t\t\t\t<div class=\"elementor-widget-container\">\n\t\t\t\t\t\t\t\t\t<div class=\"elementor-button-wrapper\">\n\t\t\t\t\t<a class=\"elementor-button elementor-button-link elementor-size-sm\" href=\"https:\/\/himpex.com.br\/en\/360-cargo\/\">\n\t\t\t\t\t\t<span class=\"elementor-button-content-wrapper\">\n\t\t\t\t\t\t<span class=\"elementor-button-icon\">\n\t\t\t\t<i aria-hidden=\"true\" class=\"ti-arrow-top-right\"><\/i>\t\t\t<\/span>\n\t\t\t\t\t\t\t\t\t<span class=\"elementor-button-text\">More details<\/span>\n\t\t\t\t\t<\/span>\n\t\t\t\t\t<\/a>\n\t\t\t\t<\/div>\n\t\t\t\t\t\t\t\t<\/div>\n\t\t\t\t<\/div>\n\t\t\t\t<\/div>\n\t\t\t\t<\/div>\n\t\t\t\t\t<\/div>\n\t\t\t\t<\/div>\n\t\t\t\t<\/div>","protected":false},"excerpt":{"rendered":"<p>Servi\u00e7os Home \/\/ Servi\u00e7os Na H.Impex, oferecemos solu\u00e7\u00f5es completas para o com\u00e9rcio exterior, desde o frete internacional at\u00e9 o despacho aduaneiro e a log\u00edstica rodovi\u00e1ria. Com efici\u00eancia, seguran\u00e7a e inova\u00e7\u00e3o, garantimos que sua carga chegue ao destino sem complica\u00e7\u00f5es. Confira alguns dos principais servi\u00e7os que oferecemos: Agenciamento de carga Frete internacional eficiente e com pre\u00e7o [&hellip;]<\/p>","protected":false},"author":1,"featured_media":0,"parent":0,"menu_order":0,"comment_status":"closed","ping_status":"closed","template":"elementor_header_footer","meta":{"footnotes":""},"categories":[10],"tags":[],"class_list":["post-1345","page","type-page","status-publish","hentry","category-pagina-interna"],"_links":{"self":[{"href":"https:\/\/himpex.com.br\/en\/wp-json\/wp\/v2\/pages\/1345","targetHints":{"allow":["GET"]}}],"collection":[{"href":"https:\/\/himpex.com.br\/en\/wp-json\/wp\/v2\/pages"}],"about":[{"href":"https:\/\/himpex.com.br\/en\/wp-json\/wp\/v2\/types\/page"}],"author":[{"embeddable":true,"href":"https:\/\/himpex.com.br\/en\/wp-json\/wp\/v2\/users\/1"}],"replies":[{"embeddable":true,"href":"https:\/\/himpex.com.br\/en\/wp-json\/wp\/v2\/comments?post=1345"}],"version-history":[{"count":109,"href":"https:\/\/himpex.com.br\/en\/wp-json\/wp\/v2\/pages\/1345\/revisions"}],"predecessor-version":[{"id":2503,"href":"https:\/\/himpex.com.br\/en\/wp-json\/wp\/v2\/pages\/1345\/revisions\/2503"}],"wp:attachment":[{"href":"https:\/\/himpex.com.br\/en\/wp-json\/wp\/v2\/media?parent=1345"}],"wp:term":[{"taxonomy":"category","embeddable":true,"href":"https:\/\/himpex.com.br\/en\/wp-json\/wp\/v2\/categories?post=1345"},{"taxonomy":"post_tag","embeddable":true,"href":"https:\/\/himpex.com.br\/en\/wp-json\/wp\/v2\/tags?post=1345"}],"curies":[{"name":"wp","href":"https:\/\/api.w.org\/{rel}","templated":true}]}}