{"id":1630,"date":"2025-02-20T00:07:32","date_gmt":"2025-02-20T03:07:32","guid":{"rendered":"https:\/\/dev.tiktok.pro.br\/himpex\/?page_id=1630"},"modified":"2025-04-28T13:41:05","modified_gmt":"2025-04-28T16:41:05","slug":"agenciamento-de-carga","status":"publish","type":"page","link":"https:\/\/himpex.com.br\/en\/agenciamento-de-carga\/","title":{"rendered":"Freight Forwarding"},"content":{"rendered":"<div data-elementor-type=\"wp-page\" data-elementor-id=\"1630\" class=\"elementor elementor-1630\" data-elementor-post-type=\"page\">\n\t\t\t\t<div class=\"elementor-element elementor-element-ae5ef0f e-flex e-con-boxed e-con e-parent\" data-id=\"ae5ef0f\" data-element_type=\"container\" data-settings=\"{&quot;background_background&quot;:&quot;classic&quot;,&quot;jet_parallax_layout_list&quot;:[]}\">\n\t\t\t\t\t<div class=\"e-con-inner\">\n\t\t<div class=\"elementor-element elementor-element-f5600b1 e-con-full e-flex e-con e-child\" data-id=\"f5600b1\" data-element_type=\"container\" data-settings=\"{&quot;jet_parallax_layout_list&quot;:[]}\">\n\t\t\t\t<div class=\"elementor-element elementor-element-a9a01b9 elementor-widget elementor-widget-heading\" data-id=\"a9a01b9\" data-element_type=\"widget\" data-widget_type=\"heading.default\">\n\t\t\t\t<div class=\"elementor-widget-container\">\n\t\t\t\t\t<h1 class=\"elementor-heading-title elementor-size-default\">Services<\/h1>\t\t\t\t<\/div>\n\t\t\t\t<\/div>\n\t\t\t\t<div class=\"elementor-element elementor-element-165c6e1 elementor-widget-divider--view-line elementor-widget elementor-widget-divider\" data-id=\"165c6e1\" data-element_type=\"widget\" data-widget_type=\"divider.default\">\n\t\t\t\t<div class=\"elementor-widget-container\">\n\t\t\t\t\t\t\t<div class=\"elementor-divider\">\n\t\t\t<span class=\"elementor-divider-separator\">\n\t\t\t\t\t\t<\/span>\n\t\t<\/div>\n\t\t\t\t\t\t<\/div>\n\t\t\t\t<\/div>\n\t\t\t\t<div class=\"elementor-element elementor-element-1e86a7e elementor-widget elementor-widget-heading\" data-id=\"1e86a7e\" data-element_type=\"widget\" data-widget_type=\"heading.default\">\n\t\t\t\t<div class=\"elementor-widget-container\">\n\t\t\t\t\t<h2 class=\"elementor-heading-title elementor-size-default\"><a href=\"\/en\/himpex\/\">Home <\/a><font color=\"#F69200\">\/\/<\/font><a href=\"\/en\/himpex\/servicos\/\"> Services <\/a><font color=\"#F69200\">\/\/<\/font> <a href=\"\/en\/agenciamento-de-carga\/\"> Freight Forwarding<\/a><\/h2>\t\t\t\t<\/div>\n\t\t\t\t<\/div>\n\t\t\t\t<\/div>\n\t\t\t\t\t<\/div>\n\t\t\t\t<\/div>\n\t\t<div class=\"elementor-element elementor-element-835441f e-flex e-con-boxed e-con e-parent\" data-id=\"835441f\" data-element_type=\"container\" data-settings=\"{&quot;background_background&quot;:&quot;gradient&quot;,&quot;jet_parallax_layout_list&quot;:[]}\">\n\t\t\t\t\t<div class=\"e-con-inner\">\n\t\t<div class=\"elementor-element elementor-element-fda7073 e-con-full e-flex e-con e-child\" data-id=\"fda7073\" data-element_type=\"container\" data-settings=\"{&quot;jet_parallax_layout_list&quot;:[]}\">\n\t\t\t\t<div class=\"elementor-element elementor-element-da5623e elementor-widget elementor-widget-heading\" data-id=\"da5623e\" data-element_type=\"widget\" data-widget_type=\"heading.default\">\n\t\t\t\t<div class=\"elementor-widget-container\">\n\t\t\t\t\t<h2 class=\"elementor-heading-title elementor-size-default\">Freight Forwarding<\/h2>\t\t\t\t<\/div>\n\t\t\t\t<\/div>\n\t\t\t\t<div class=\"elementor-element elementor-element-b18b602 elementor-widget-divider--view-line elementor-widget elementor-widget-divider\" data-id=\"b18b602\" data-element_type=\"widget\" data-widget_type=\"divider.default\">\n\t\t\t\t<div class=\"elementor-widget-container\">\n\t\t\t\t\t\t\t<div class=\"elementor-divider\">\n\t\t\t<span class=\"elementor-divider-separator\">\n\t\t\t\t\t\t<\/span>\n\t\t<\/div>\n\t\t\t\t\t\t<\/div>\n\t\t\t\t<\/div>\n\t\t\t\t<div class=\"elementor-element elementor-element-66220b2 elementor-widget elementor-widget-text-editor\" data-id=\"66220b2\" data-element_type=\"widget\" data-settings=\"{&quot;_animation&quot;:&quot;none&quot;,&quot;_animation_delay&quot;:500}\" data-widget_type=\"text-editor.default\">\n\t\t\t\t<div class=\"elementor-widget-container\">\n\t\t\t\t\t\t\t\t\t<p><span style=\"font-weight: 400;\">At H.Impex, freight forwarding guarantees that your goods are transported safely and efficiently from origin to destination, offering customization, cost-effectiveness, and the efficiency needed for your international operations.<\/span><\/p>\t\t\t\t\t\t\t\t<\/div>\n\t\t\t\t<\/div>\n\t\t\t\t<\/div>\n\t\t<div class=\"elementor-element elementor-element-952fa8e e-con-full e-flex e-con e-child\" data-id=\"952fa8e\" data-element_type=\"container\" data-settings=\"{&quot;jet_parallax_layout_list&quot;:[],&quot;background_background&quot;:&quot;classic&quot;}\">\n\t\t\t\t<div class=\"elementor-element elementor-element-d593a80 elementor-widget elementor-widget-image\" data-id=\"d593a80\" data-element_type=\"widget\" data-settings=\"{&quot;motion_fx_tilt_effect&quot;:&quot;yes&quot;,&quot;motion_fx_motion_fx_mouse&quot;:&quot;yes&quot;,&quot;motion_fx_tilt_speed&quot;:{&quot;unit&quot;:&quot;px&quot;,&quot;size&quot;:4,&quot;sizes&quot;:[]}}\" data-widget_type=\"image.default\">\n\t\t\t\t<div class=\"elementor-widget-container\">\n\t\t\t\t\t\t\t\t\t\t\t\t\t\t\t<img fetchpriority=\"high\" decoding=\"async\" width=\"550\" height=\"550\" src=\"https:\/\/himpex.com.br\/wp-content\/uploads\/2025\/03\/gerenciamento_carga_.webp\" class=\"attachment-large size-large wp-image-2391\" alt=\"\" srcset=\"https:\/\/himpex.com.br\/wp-content\/uploads\/2025\/03\/gerenciamento_carga_.webp 550w, https:\/\/himpex.com.br\/wp-content\/uploads\/2025\/03\/gerenciamento_carga_-300x300.webp 300w, https:\/\/himpex.com.br\/wp-content\/uploads\/2025\/03\/gerenciamento_carga_-150x150.webp 150w, https:\/\/himpex.com.br\/wp-content\/uploads\/2025\/03\/gerenciamento_carga_-12x12.webp 12w\" sizes=\"(max-width: 550px) 100vw, 550px\" \/>\t\t\t\t\t\t\t\t\t\t\t\t\t\t\t<\/div>\n\t\t\t\t<\/div>\n\t\t\t\t<\/div>\n\t\t\t\t\t<\/div>\n\t\t\t\t<\/div>\n\t\t<div class=\"elementor-element elementor-element-13175a6 e-flex e-con-boxed e-con e-parent\" data-id=\"13175a6\" data-element_type=\"container\" data-settings=\"{&quot;jet_parallax_layout_list&quot;:[],&quot;background_background&quot;:&quot;gradient&quot;}\">\n\t\t\t\t\t<div class=\"e-con-inner\">\n\t\t<div class=\"elementor-element elementor-element-6e3343e e-con-full e-flex e-con e-child\" data-id=\"6e3343e\" data-element_type=\"container\" data-settings=\"{&quot;jet_parallax_layout_list&quot;:[]}\">\n\t\t<div class=\"elementor-element elementor-element-17a67e1 e-con-full e-flex e-con e-child\" data-id=\"17a67e1\" data-element_type=\"container\" data-settings=\"{&quot;jet_parallax_layout_list&quot;:[]}\">\n\t\t<div class=\"elementor-element elementor-element-d575141 e-con-full e-flex e-con e-child\" data-id=\"d575141\" data-element_type=\"container\" data-settings=\"{&quot;jet_parallax_layout_list&quot;:[],&quot;background_background&quot;:&quot;classic&quot;}\">\n\t\t\t\t<div class=\"elementor-element elementor-element-eb28e5d elementor-widget elementor-widget-image\" data-id=\"eb28e5d\" data-element_type=\"widget\" data-settings=\"{&quot;motion_fx_motion_fx_mouse&quot;:&quot;yes&quot;,&quot;motion_fx_tilt_effect&quot;:&quot;yes&quot;,&quot;motion_fx_tilt_speed&quot;:{&quot;unit&quot;:&quot;px&quot;,&quot;size&quot;:4,&quot;sizes&quot;:[]}}\" data-widget_type=\"image.default\">\n\t\t\t\t<div class=\"elementor-widget-container\">\n\t\t\t\t\t\t\t\t\t\t\t\t\t\t\t<img decoding=\"async\" width=\"550\" height=\"550\" src=\"https:\/\/himpex.com.br\/wp-content\/uploads\/2025\/03\/frete_internacional_.webp\" class=\"attachment-large size-large wp-image-2393\" alt=\"\" srcset=\"https:\/\/himpex.com.br\/wp-content\/uploads\/2025\/03\/frete_internacional_.webp 550w, https:\/\/himpex.com.br\/wp-content\/uploads\/2025\/03\/frete_internacional_-300x300.webp 300w, https:\/\/himpex.com.br\/wp-content\/uploads\/2025\/03\/frete_internacional_-150x150.webp 150w, https:\/\/himpex.com.br\/wp-content\/uploads\/2025\/03\/frete_internacional_-12x12.webp 12w\" sizes=\"(max-width: 550px) 100vw, 550px\" \/>\t\t\t\t\t\t\t\t\t\t\t\t\t\t\t<\/div>\n\t\t\t\t<\/div>\n\t\t\t\t<\/div>\n\t\t<div class=\"elementor-element elementor-element-e5f0607 e-con-full e-flex e-con e-child\" data-id=\"e5f0607\" data-element_type=\"container\" data-settings=\"{&quot;jet_parallax_layout_list&quot;:[]}\">\n\t\t\t\t<div class=\"elementor-element elementor-element-360127a elementor-widget elementor-widget-heading\" data-id=\"360127a\" data-element_type=\"widget\" data-widget_type=\"heading.default\">\n\t\t\t\t<div class=\"elementor-widget-container\">\n\t\t\t\t\t<h4 class=\"elementor-heading-title elementor-size-default\">International Freight\n<\/h4>\t\t\t\t<\/div>\n\t\t\t\t<\/div>\n\t\t\t\t<div class=\"elementor-element elementor-element-08462d3 elementor-widget elementor-widget-text-editor\" data-id=\"08462d3\" data-element_type=\"widget\" data-settings=\"{&quot;_animation&quot;:&quot;none&quot;,&quot;_animation_delay&quot;:500}\" data-widget_type=\"text-editor.default\">\n\t\t\t\t<div class=\"elementor-widget-container\">\n\t\t\t\t\t\t\t\t\t<p style=\"font-weight: 400;\">H.Impex provides complete international freight solutions, utilizing maritime, air, and road transportation to meet your logistics needs. With a global network of partners and over 30 years of experience, we ensure secure, fast, and cost-effective transportation. Our specialized team manages every stage of the process, from selecting the best route to final delivery, ensuring your cargo arrives on time and without issues.<\/p>\t\t\t\t\t\t\t\t<\/div>\n\t\t\t\t<\/div>\n\t\t\t\t<\/div>\n\t\t\t\t<\/div>\n\t\t\t\t<\/div>\n\t\t\t\t\t<\/div>\n\t\t\t\t<\/div>\n\t\t<div class=\"elementor-element elementor-element-40094ae e-flex e-con-boxed e-con e-parent\" data-id=\"40094ae\" data-element_type=\"container\" data-settings=\"{&quot;jet_parallax_layout_list&quot;:[],&quot;background_background&quot;:&quot;gradient&quot;}\">\n\t\t\t\t\t<div class=\"e-con-inner\">\n\t\t<div class=\"elementor-element elementor-element-34ee61c e-con-full e-flex e-con e-child\" data-id=\"34ee61c\" data-element_type=\"container\" data-settings=\"{&quot;jet_parallax_layout_list&quot;:[]}\">\n\t\t<div class=\"elementor-element elementor-element-8a02612 e-con-full e-flex e-con e-child\" data-id=\"8a02612\" data-element_type=\"container\" data-settings=\"{&quot;jet_parallax_layout_list&quot;:[]}\">\n\t\t\t\t<div class=\"elementor-element elementor-element-260ca34 elementor-widget elementor-widget-heading\" data-id=\"260ca34\" data-element_type=\"widget\" data-widget_type=\"heading.default\">\n\t\t\t\t<div class=\"elementor-widget-container\">\n\t\t\t\t\t<h4 class=\"elementor-heading-title elementor-size-default\">Pre-Stacking\n<\/h4>\t\t\t\t<\/div>\n\t\t\t\t<\/div>\n\t\t\t\t<div class=\"elementor-element elementor-element-382ed66 elementor-widget elementor-widget-text-editor\" data-id=\"382ed66\" data-element_type=\"widget\" data-settings=\"{&quot;_animation&quot;:&quot;none&quot;,&quot;_animation_delay&quot;:500}\" data-widget_type=\"text-editor.default\">\n\t\t\t\t<div class=\"elementor-widget-container\">\n\t\t\t\t\t\t\t\t\t<p><span style=\"font-weight: 400;\">With our pre-stacking service, H.Impex prepares your goods in advance, ensuring a more efficient and streamlined loading process. This includes the strategic arrangement of cargo to optimize container space and prevent loading delays. When necessary, we store the cargo in a support terminal until the ship\u2019s gate opens, ensuring compliance with export deadlines. Pre-stacking offers greater stability, security, and cost reduction while minimizing risks and accelerating loading and unloading.<\/span><\/p>\t\t\t\t\t\t\t\t<\/div>\n\t\t\t\t<\/div>\n\t\t\t\t<\/div>\n\t\t<div class=\"elementor-element elementor-element-c2ac81f e-con-full e-flex e-con e-child\" data-id=\"c2ac81f\" data-element_type=\"container\" data-settings=\"{&quot;jet_parallax_layout_list&quot;:[],&quot;background_background&quot;:&quot;classic&quot;}\">\n\t\t\t\t<div class=\"elementor-element elementor-element-c49407a elementor-widget elementor-widget-image\" data-id=\"c49407a\" data-element_type=\"widget\" data-settings=\"{&quot;motion_fx_motion_fx_mouse&quot;:&quot;yes&quot;,&quot;motion_fx_tilt_effect&quot;:&quot;yes&quot;,&quot;motion_fx_tilt_speed&quot;:{&quot;unit&quot;:&quot;px&quot;,&quot;size&quot;:4,&quot;sizes&quot;:[]}}\" data-widget_type=\"image.default\">\n\t\t\t\t<div class=\"elementor-widget-container\">\n\t\t\t\t\t\t\t\t\t\t\t\t\t\t\t<img decoding=\"async\" width=\"550\" height=\"550\" src=\"https:\/\/himpex.com.br\/wp-content\/uploads\/2025\/03\/Pre-Stacking.webp\" class=\"attachment-large size-large wp-image-2286\" alt=\"\" srcset=\"https:\/\/himpex.com.br\/wp-content\/uploads\/2025\/03\/Pre-Stacking.webp 550w, https:\/\/himpex.com.br\/wp-content\/uploads\/2025\/03\/Pre-Stacking-300x300.webp 300w, https:\/\/himpex.com.br\/wp-content\/uploads\/2025\/03\/Pre-Stacking-150x150.webp 150w, https:\/\/himpex.com.br\/wp-content\/uploads\/2025\/03\/Pre-Stacking-12x12.webp 12w\" sizes=\"(max-width: 550px) 100vw, 550px\" \/>\t\t\t\t\t\t\t\t\t\t\t\t\t\t\t<\/div>\n\t\t\t\t<\/div>\n\t\t\t\t<\/div>\n\t\t\t\t<\/div>\n\t\t\t\t\t<\/div>\n\t\t\t\t<\/div>\n\t\t<div class=\"elementor-element elementor-element-fbecdd1 e-flex e-con-boxed e-con e-parent\" data-id=\"fbecdd1\" data-element_type=\"container\" data-settings=\"{&quot;jet_parallax_layout_list&quot;:[],&quot;background_background&quot;:&quot;gradient&quot;}\">\n\t\t\t\t\t<div class=\"e-con-inner\">\n\t\t<div class=\"elementor-element elementor-element-7d0b887 e-con-full e-flex e-con e-child\" data-id=\"7d0b887\" data-element_type=\"container\" data-settings=\"{&quot;jet_parallax_layout_list&quot;:[]}\">\n\t\t<div class=\"elementor-element elementor-element-e517656 e-con-full e-flex e-con e-child\" data-id=\"e517656\" data-element_type=\"container\" data-settings=\"{&quot;jet_parallax_layout_list&quot;:[],&quot;background_background&quot;:&quot;classic&quot;}\">\n\t\t\t\t<div class=\"elementor-element elementor-element-e986683 elementor-widget elementor-widget-image\" data-id=\"e986683\" data-element_type=\"widget\" data-settings=\"{&quot;motion_fx_tilt_effect&quot;:&quot;yes&quot;,&quot;motion_fx_motion_fx_mouse&quot;:&quot;yes&quot;,&quot;motion_fx_tilt_speed&quot;:{&quot;unit&quot;:&quot;px&quot;,&quot;size&quot;:4,&quot;sizes&quot;:[]}}\" data-widget_type=\"image.default\">\n\t\t\t\t<div class=\"elementor-widget-container\">\n\t\t\t\t\t\t\t\t\t\t\t\t\t\t\t<img loading=\"lazy\" decoding=\"async\" width=\"550\" height=\"550\" src=\"https:\/\/himpex.com.br\/wp-content\/uploads\/2025\/03\/armazenagem_.webp\" class=\"attachment-large size-large wp-image-2394\" alt=\"\" srcset=\"https:\/\/himpex.com.br\/wp-content\/uploads\/2025\/03\/armazenagem_.webp 550w, https:\/\/himpex.com.br\/wp-content\/uploads\/2025\/03\/armazenagem_-300x300.webp 300w, https:\/\/himpex.com.br\/wp-content\/uploads\/2025\/03\/armazenagem_-150x150.webp 150w, https:\/\/himpex.com.br\/wp-content\/uploads\/2025\/03\/armazenagem_-12x12.webp 12w\" sizes=\"(max-width: 550px) 100vw, 550px\" \/>\t\t\t\t\t\t\t\t\t\t\t\t\t\t\t<\/div>\n\t\t\t\t<\/div>\n\t\t\t\t<\/div>\n\t\t<div class=\"elementor-element elementor-element-967e58c e-con-full e-flex e-con e-child\" data-id=\"967e58c\" data-element_type=\"container\" data-settings=\"{&quot;jet_parallax_layout_list&quot;:[]}\">\n\t\t\t\t<div class=\"elementor-element elementor-element-2f2b453 elementor-widget elementor-widget-heading\" data-id=\"2f2b453\" data-element_type=\"widget\" data-widget_type=\"heading.default\">\n\t\t\t\t<div class=\"elementor-widget-container\">\n\t\t\t\t\t<h4 class=\"elementor-heading-title elementor-size-default\">Storage<\/h4>\t\t\t\t<\/div>\n\t\t\t\t<\/div>\n\t\t\t\t<div class=\"elementor-element elementor-element-e2d5713 elementor-widget elementor-widget-text-editor\" data-id=\"e2d5713\" data-element_type=\"widget\" data-settings=\"{&quot;_animation&quot;:&quot;none&quot;,&quot;_animation_delay&quot;:500}\" data-widget_type=\"text-editor.default\">\n\t\t\t\t<div class=\"elementor-widget-container\">\n\t\t\t\t\t\t\t\t\t<p><span style=\"font-weight: 400;\">H.Impex offers flexible and secure storage solutions, allowing your cargo to be safely stored until delivery. With modern management systems, we provide full cargo control, operational agility, and the security needed to maintain product integrity. Our storage service is ideal for businesses looking to optimize cargo flow, ensuring quick and hassle-free access, always with the possibility of on-time deliveries.<\/span><\/p>\t\t\t\t\t\t\t\t<\/div>\n\t\t\t\t<\/div>\n\t\t\t\t<\/div>\n\t\t\t\t<\/div>\n\t\t\t\t\t<\/div>\n\t\t\t\t<\/div>\n\t\t\t\t<\/div>","protected":false},"excerpt":{"rendered":"<p>Servi\u00e7os Home \/\/ Servi\u00e7os \/\/ Agenciamento de Carga Agenciamento de Carga Na H.Impex, o agenciamento de carga \u00e9 a garantia de que sua mercadoria ser\u00e1 transportada com seguran\u00e7a e efici\u00eancia, desde a origem at\u00e9 o destino, com a personaliza\u00e7\u00e3o, melhor custo-benef\u00edcio e efici\u00eancia que voc\u00ea precisa para suas opera\u00e7\u00f5es internacionais. Frete Internacional A H.Impex oferece [&hellip;]<\/p>","protected":false},"author":1,"featured_media":0,"parent":0,"menu_order":0,"comment_status":"closed","ping_status":"closed","template":"elementor_header_footer","meta":{"footnotes":""},"categories":[12],"tags":[],"class_list":["post-1630","page","type-page","status-publish","hentry","category-servicos"],"_links":{"self":[{"href":"https:\/\/himpex.com.br\/en\/wp-json\/wp\/v2\/pages\/1630","targetHints":{"allow":["GET"]}}],"collection":[{"href":"https:\/\/himpex.com.br\/en\/wp-json\/wp\/v2\/pages"}],"about":[{"href":"https:\/\/himpex.com.br\/en\/wp-json\/wp\/v2\/types\/page"}],"author":[{"embeddable":true,"href":"https:\/\/himpex.com.br\/en\/wp-json\/wp\/v2\/users\/1"}],"replies":[{"embeddable":true,"href":"https:\/\/himpex.com.br\/en\/wp-json\/wp\/v2\/comments?post=1630"}],"version-history":[{"count":97,"href":"https:\/\/himpex.com.br\/en\/wp-json\/wp\/v2\/pages\/1630\/revisions"}],"predecessor-version":[{"id":2691,"href":"https:\/\/himpex.com.br\/en\/wp-json\/wp\/v2\/pages\/1630\/revisions\/2691"}],"wp:attachment":[{"href":"https:\/\/himpex.com.br\/en\/wp-json\/wp\/v2\/media?parent=1630"}],"wp:term":[{"taxonomy":"category","embeddable":true,"href":"https:\/\/himpex.com.br\/en\/wp-json\/wp\/v2\/categories?post=1630"},{"taxonomy":"post_tag","embeddable":true,"href":"https:\/\/himpex.com.br\/en\/wp-json\/wp\/v2\/tags?post=1630"}],"curies":[{"name":"wp","href":"https:\/\/api.w.org\/{rel}","templated":true}]}}