{"id":1639,"date":"2025-02-20T00:14:05","date_gmt":"2025-02-20T03:14:05","guid":{"rendered":"https:\/\/dev.tiktok.pro.br\/himpex\/?page_id=1639"},"modified":"2025-03-24T16:20:10","modified_gmt":"2025-03-24T19:20:10","slug":"assessoria-aduaneira","status":"publish","type":"page","link":"https:\/\/himpex.com.br\/en\/assessoria-aduaneira\/","title":{"rendered":"Customs Consulting"},"content":{"rendered":"<div data-elementor-type=\"wp-page\" data-elementor-id=\"1639\" class=\"elementor elementor-1639\" data-elementor-post-type=\"page\">\n\t\t\t\t<div class=\"elementor-element elementor-element-ae5ef0f e-flex e-con-boxed e-con e-parent\" data-id=\"ae5ef0f\" data-element_type=\"container\" data-settings=\"{&quot;background_background&quot;:&quot;classic&quot;,&quot;jet_parallax_layout_list&quot;:[]}\">\n\t\t\t\t\t<div class=\"e-con-inner\">\n\t\t<div class=\"elementor-element elementor-element-f5600b1 e-con-full e-flex e-con e-child\" data-id=\"f5600b1\" data-element_type=\"container\" data-settings=\"{&quot;jet_parallax_layout_list&quot;:[]}\">\n\t\t\t\t<div class=\"elementor-element elementor-element-a9a01b9 elementor-widget elementor-widget-heading\" data-id=\"a9a01b9\" data-element_type=\"widget\" data-widget_type=\"heading.default\">\n\t\t\t\t<div class=\"elementor-widget-container\">\n\t\t\t\t\t<h1 class=\"elementor-heading-title elementor-size-default\">Services<\/h1>\t\t\t\t<\/div>\n\t\t\t\t<\/div>\n\t\t\t\t<div class=\"elementor-element elementor-element-165c6e1 elementor-widget-divider--view-line elementor-widget elementor-widget-divider\" data-id=\"165c6e1\" data-element_type=\"widget\" data-widget_type=\"divider.default\">\n\t\t\t\t<div class=\"elementor-widget-container\">\n\t\t\t\t\t\t\t<div class=\"elementor-divider\">\n\t\t\t<span class=\"elementor-divider-separator\">\n\t\t\t\t\t\t<\/span>\n\t\t<\/div>\n\t\t\t\t\t\t<\/div>\n\t\t\t\t<\/div>\n\t\t\t\t<div class=\"elementor-element elementor-element-7a16f8a elementor-widget elementor-widget-heading\" data-id=\"7a16f8a\" data-element_type=\"widget\" data-widget_type=\"heading.default\">\n\t\t\t\t<div class=\"elementor-widget-container\">\n\t\t\t\t\t<h2 class=\"elementor-heading-title elementor-size-default\"><a href=\"\/en\/himpex\/\">Home <\/a><font color=\"#F69200\">\/\/<\/font><a href=\"\/en\/himpex\/servicos\/\"> Services <\/a><font color=\"#F69200\">\/\/<\/font><a href=\"\/en\/himpex\/assessoria-aduaneira\/\"> Customs Consulting<\/a><\/h2>\t\t\t\t<\/div>\n\t\t\t\t<\/div>\n\t\t\t\t<\/div>\n\t\t\t\t\t<\/div>\n\t\t\t\t<\/div>\n\t\t<div class=\"elementor-element elementor-element-01a94aa e-flex e-con-boxed e-con e-parent\" data-id=\"01a94aa\" data-element_type=\"container\" data-settings=\"{&quot;background_background&quot;:&quot;gradient&quot;,&quot;jet_parallax_layout_list&quot;:[]}\">\n\t\t\t\t\t<div class=\"e-con-inner\">\n\t\t<div class=\"elementor-element elementor-element-915547d e-con-full e-flex e-con e-child\" data-id=\"915547d\" data-element_type=\"container\" data-settings=\"{&quot;jet_parallax_layout_list&quot;:[]}\">\n\t\t\t\t<div class=\"elementor-element elementor-element-23f8543 elementor-widget elementor-widget-heading\" data-id=\"23f8543\" data-element_type=\"widget\" data-widget_type=\"heading.default\">\n\t\t\t\t<div class=\"elementor-widget-container\">\n\t\t\t\t\t<h2 class=\"elementor-heading-title elementor-size-default\">Customs Consulting<\/h2>\t\t\t\t<\/div>\n\t\t\t\t<\/div>\n\t\t\t\t<div class=\"elementor-element elementor-element-5c6068b elementor-widget-divider--view-line elementor-widget elementor-widget-divider\" data-id=\"5c6068b\" data-element_type=\"widget\" data-widget_type=\"divider.default\">\n\t\t\t\t<div class=\"elementor-widget-container\">\n\t\t\t\t\t\t\t<div class=\"elementor-divider\">\n\t\t\t<span class=\"elementor-divider-separator\">\n\t\t\t\t\t\t<\/span>\n\t\t<\/div>\n\t\t\t\t\t\t<\/div>\n\t\t\t\t<\/div>\n\t\t\t\t<div class=\"elementor-element elementor-element-138c8ac elementor-widget elementor-widget-text-editor\" data-id=\"138c8ac\" data-element_type=\"widget\" data-settings=\"{&quot;_animation&quot;:&quot;none&quot;,&quot;_animation_delay&quot;:500}\" data-widget_type=\"text-editor.default\">\n\t\t\t\t<div class=\"elementor-widget-container\">\n\t\t\t\t\t\t\t\t\t<p><span style=\"font-weight: 400;\">H.Impex offers complete customs consulting, handling all stages of the import and export process, ensuring compliance, agility, and security for your company\u2019s international operations.<\/span><\/p>\t\t\t\t\t\t\t\t<\/div>\n\t\t\t\t<\/div>\n\t\t\t\t<\/div>\n\t\t<div class=\"elementor-element elementor-element-e665bcd e-con-full e-flex e-con e-child\" data-id=\"e665bcd\" data-element_type=\"container\" data-settings=\"{&quot;jet_parallax_layout_list&quot;:[],&quot;background_background&quot;:&quot;classic&quot;}\">\n\t\t\t\t<div class=\"elementor-element elementor-element-bb30dc6 elementor-widget elementor-widget-image\" data-id=\"bb30dc6\" data-element_type=\"widget\" data-settings=\"{&quot;motion_fx_tilt_effect&quot;:&quot;yes&quot;,&quot;motion_fx_motion_fx_mouse&quot;:&quot;yes&quot;,&quot;motion_fx_tilt_speed&quot;:{&quot;unit&quot;:&quot;px&quot;,&quot;size&quot;:4,&quot;sizes&quot;:[]}}\" data-widget_type=\"image.default\">\n\t\t\t\t<div class=\"elementor-widget-container\">\n\t\t\t\t\t\t\t\t\t\t\t\t\t\t\t<img fetchpriority=\"high\" decoding=\"async\" width=\"550\" height=\"550\" src=\"https:\/\/himpex.com.br\/wp-content\/uploads\/2025\/03\/assessoria_.webp\" class=\"attachment-large size-large wp-image-2398\" alt=\"\" srcset=\"https:\/\/himpex.com.br\/wp-content\/uploads\/2025\/03\/assessoria_.webp 550w, https:\/\/himpex.com.br\/wp-content\/uploads\/2025\/03\/assessoria_-300x300.webp 300w, https:\/\/himpex.com.br\/wp-content\/uploads\/2025\/03\/assessoria_-150x150.webp 150w, https:\/\/himpex.com.br\/wp-content\/uploads\/2025\/03\/assessoria_-12x12.webp 12w\" sizes=\"(max-width: 550px) 100vw, 550px\" \/>\t\t\t\t\t\t\t\t\t\t\t\t\t\t\t<\/div>\n\t\t\t\t<\/div>\n\t\t\t\t<\/div>\n\t\t\t\t\t<\/div>\n\t\t\t\t<\/div>\n\t\t<div class=\"elementor-element elementor-element-683ce06 e-flex e-con-boxed e-con e-parent\" data-id=\"683ce06\" data-element_type=\"container\" data-settings=\"{&quot;jet_parallax_layout_list&quot;:[],&quot;background_background&quot;:&quot;gradient&quot;}\">\n\t\t\t\t\t<div class=\"e-con-inner\">\n\t\t<div class=\"elementor-element elementor-element-69b7c6c e-con-full e-flex e-con e-child\" data-id=\"69b7c6c\" data-element_type=\"container\" data-settings=\"{&quot;jet_parallax_layout_list&quot;:[]}\">\n\t\t<div class=\"elementor-element elementor-element-391b49c e-con-full e-flex e-con e-child\" data-id=\"391b49c\" data-element_type=\"container\" data-settings=\"{&quot;jet_parallax_layout_list&quot;:[]}\">\n\t\t<div class=\"elementor-element elementor-element-7e8a559 e-con-full e-flex e-con e-child\" data-id=\"7e8a559\" data-element_type=\"container\" data-settings=\"{&quot;jet_parallax_layout_list&quot;:[],&quot;background_background&quot;:&quot;classic&quot;}\">\n\t\t\t\t<div class=\"elementor-element elementor-element-037ada2 elementor-widget elementor-widget-image\" data-id=\"037ada2\" data-element_type=\"widget\" data-settings=\"{&quot;motion_fx_motion_fx_mouse&quot;:&quot;yes&quot;,&quot;motion_fx_tilt_effect&quot;:&quot;yes&quot;,&quot;motion_fx_tilt_speed&quot;:{&quot;unit&quot;:&quot;px&quot;,&quot;size&quot;:4,&quot;sizes&quot;:[]}}\" data-widget_type=\"image.default\">\n\t\t\t\t<div class=\"elementor-widget-container\">\n\t\t\t\t\t\t\t\t\t\t\t\t\t\t\t<img decoding=\"async\" width=\"550\" height=\"550\" src=\"https:\/\/himpex.com.br\/wp-content\/uploads\/2025\/03\/despacho_.webp\" class=\"attachment-large size-large wp-image-2400\" alt=\"\" srcset=\"https:\/\/himpex.com.br\/wp-content\/uploads\/2025\/03\/despacho_.webp 550w, https:\/\/himpex.com.br\/wp-content\/uploads\/2025\/03\/despacho_-300x300.webp 300w, https:\/\/himpex.com.br\/wp-content\/uploads\/2025\/03\/despacho_-150x150.webp 150w, https:\/\/himpex.com.br\/wp-content\/uploads\/2025\/03\/despacho_-12x12.webp 12w\" sizes=\"(max-width: 550px) 100vw, 550px\" \/>\t\t\t\t\t\t\t\t\t\t\t\t\t\t\t<\/div>\n\t\t\t\t<\/div>\n\t\t\t\t<\/div>\n\t\t<div class=\"elementor-element elementor-element-5c936a8 e-con-full e-flex e-con e-child\" data-id=\"5c936a8\" data-element_type=\"container\" data-settings=\"{&quot;jet_parallax_layout_list&quot;:[]}\">\n\t\t\t\t<div class=\"elementor-element elementor-element-1cf9dbe elementor-widget elementor-widget-heading\" data-id=\"1cf9dbe\" data-element_type=\"widget\" data-widget_type=\"heading.default\">\n\t\t\t\t<div class=\"elementor-widget-container\">\n\t\t\t\t\t<h4 class=\"elementor-heading-title elementor-size-default\">Customs Clearance<\/h4>\t\t\t\t<\/div>\n\t\t\t\t<\/div>\n\t\t\t\t<div class=\"elementor-element elementor-element-510f324 elementor-widget elementor-widget-text-editor\" data-id=\"510f324\" data-element_type=\"widget\" data-settings=\"{&quot;_animation&quot;:&quot;none&quot;,&quot;_animation_delay&quot;:500}\" data-widget_type=\"text-editor.default\">\n\t\t\t\t<div class=\"elementor-widget-container\">\n\t\t\t\t\t\t\t\t\t<p style=\"font-weight: 400;\">H.Impex offers a fast and hassle-free customs clearance solution, providing full support to ensure the smooth release of your goods. Our specialized team handles the entire process, from meeting fiscal and regulatory requirements to the final cargo delivery. Using advanced technology, we ensure compliance and minimize risks. More than just a service, we turn customs clearance into a competitive advantage, optimizing every step for success. With H.Impex, your cargo is in excellent hands.<\/p>\t\t\t\t\t\t\t\t<\/div>\n\t\t\t\t<\/div>\n\t\t\t\t<\/div>\n\t\t\t\t<\/div>\n\t\t\t\t<\/div>\n\t\t\t\t\t<\/div>\n\t\t\t\t<\/div>\n\t\t<div class=\"elementor-element elementor-element-0dcca10 e-flex e-con-boxed e-con e-parent\" data-id=\"0dcca10\" data-element_type=\"container\" data-settings=\"{&quot;jet_parallax_layout_list&quot;:[],&quot;background_background&quot;:&quot;gradient&quot;}\">\n\t\t\t\t\t<div class=\"e-con-inner\">\n\t\t<div class=\"elementor-element elementor-element-7320d3b e-con-full e-flex e-con e-child\" data-id=\"7320d3b\" data-element_type=\"container\" data-settings=\"{&quot;jet_parallax_layout_list&quot;:[]}\">\n\t\t<div class=\"elementor-element elementor-element-8e6de4f e-con-full e-flex e-con e-child\" data-id=\"8e6de4f\" data-element_type=\"container\" data-settings=\"{&quot;jet_parallax_layout_list&quot;:[]}\">\n\t\t\t\t<div class=\"elementor-element elementor-element-0e088a2 elementor-widget elementor-widget-heading\" data-id=\"0e088a2\" data-element_type=\"widget\" data-widget_type=\"heading.default\">\n\t\t\t\t<div class=\"elementor-widget-container\">\n\t\t\t\t\t<h4 class=\"elementor-heading-title elementor-size-default\">Customs Advisory<\/h4>\t\t\t\t<\/div>\n\t\t\t\t<\/div>\n\t\t\t\t<div class=\"elementor-element elementor-element-ce73d04 elementor-widget elementor-widget-text-editor\" data-id=\"ce73d04\" data-element_type=\"widget\" data-settings=\"{&quot;_animation&quot;:&quot;none&quot;,&quot;_animation_delay&quot;:500}\" data-widget_type=\"text-editor.default\">\n\t\t\t\t<div class=\"elementor-widget-container\">\n\t\t\t\t\t\t\t\t\t<p><span style=\"font-weight: 400;\">H.Impex provides specialized customs advisory services for companies looking to optimize their international operations and reduce risks. We offer full support for import and export projects, from feasibility analysis and tax benefits to special customs regimes and the launch of foreign trade operations. Additionally, our team guides you on best practices for regulatory compliance, helping to avoid errors that could result in additional costs or delays.<\/span><\/p>\t\t\t\t\t\t\t\t<\/div>\n\t\t\t\t<\/div>\n\t\t\t\t<\/div>\n\t\t<div class=\"elementor-element elementor-element-2d77c6e e-con-full e-flex e-con e-child\" data-id=\"2d77c6e\" data-element_type=\"container\" data-settings=\"{&quot;jet_parallax_layout_list&quot;:[],&quot;background_background&quot;:&quot;classic&quot;}\">\n\t\t\t\t<div class=\"elementor-element elementor-element-12df9db elementor-widget elementor-widget-image\" data-id=\"12df9db\" data-element_type=\"widget\" data-settings=\"{&quot;motion_fx_motion_fx_mouse&quot;:&quot;yes&quot;,&quot;motion_fx_tilt_effect&quot;:&quot;yes&quot;,&quot;motion_fx_tilt_speed&quot;:{&quot;unit&quot;:&quot;px&quot;,&quot;size&quot;:4,&quot;sizes&quot;:[]}}\" data-widget_type=\"image.default\">\n\t\t\t\t<div class=\"elementor-widget-container\">\n\t\t\t\t\t\t\t\t\t\t\t\t\t\t\t<img decoding=\"async\" width=\"550\" height=\"550\" src=\"https:\/\/himpex.com.br\/wp-content\/uploads\/2025\/03\/consultoria_.webp\" class=\"attachment-large size-large wp-image-2401\" alt=\"\" srcset=\"https:\/\/himpex.com.br\/wp-content\/uploads\/2025\/03\/consultoria_.webp 550w, https:\/\/himpex.com.br\/wp-content\/uploads\/2025\/03\/consultoria_-300x300.webp 300w, https:\/\/himpex.com.br\/wp-content\/uploads\/2025\/03\/consultoria_-150x150.webp 150w, https:\/\/himpex.com.br\/wp-content\/uploads\/2025\/03\/consultoria_-12x12.webp 12w\" sizes=\"(max-width: 550px) 100vw, 550px\" \/>\t\t\t\t\t\t\t\t\t\t\t\t\t\t\t<\/div>\n\t\t\t\t<\/div>\n\t\t\t\t<\/div>\n\t\t\t\t<\/div>\n\t\t\t\t\t<\/div>\n\t\t\t\t<\/div>\n\t\t\t\t<\/div>","protected":false},"excerpt":{"rendered":"<p>Servi\u00e7os Home \/\/ Servi\u00e7os \/\/ Assessoria Aduaneira Assessoria Aduaneira A H.Impex oferece assessoria aduaneira completa, cuidando de todas as etapas do processo de importa\u00e7\u00e3o e exporta\u00e7\u00e3o, garantindo conformidade, agilidade e seguran\u00e7a para as opera\u00e7\u00f5es internacionais de sua empresa. Desembara\u00e7o Aduaneiro O desembara\u00e7o aduaneiro da H.Impex \u00e9 uma solu\u00e7\u00e3o \u00e1gil e sem complica\u00e7\u00e3o, oferecendo suporte total [&hellip;]<\/p>","protected":false},"author":1,"featured_media":0,"parent":0,"menu_order":0,"comment_status":"closed","ping_status":"closed","template":"elementor_header_footer","meta":{"footnotes":""},"categories":[12],"tags":[],"class_list":["post-1639","page","type-page","status-publish","hentry","category-servicos"],"_links":{"self":[{"href":"https:\/\/himpex.com.br\/en\/wp-json\/wp\/v2\/pages\/1639","targetHints":{"allow":["GET"]}}],"collection":[{"href":"https:\/\/himpex.com.br\/en\/wp-json\/wp\/v2\/pages"}],"about":[{"href":"https:\/\/himpex.com.br\/en\/wp-json\/wp\/v2\/types\/page"}],"author":[{"embeddable":true,"href":"https:\/\/himpex.com.br\/en\/wp-json\/wp\/v2\/users\/1"}],"replies":[{"embeddable":true,"href":"https:\/\/himpex.com.br\/en\/wp-json\/wp\/v2\/comments?post=1639"}],"version-history":[{"count":73,"href":"https:\/\/himpex.com.br\/en\/wp-json\/wp\/v2\/pages\/1639\/revisions"}],"predecessor-version":[{"id":2574,"href":"https:\/\/himpex.com.br\/en\/wp-json\/wp\/v2\/pages\/1639\/revisions\/2574"}],"wp:attachment":[{"href":"https:\/\/himpex.com.br\/en\/wp-json\/wp\/v2\/media?parent=1639"}],"wp:term":[{"taxonomy":"category","embeddable":true,"href":"https:\/\/himpex.com.br\/en\/wp-json\/wp\/v2\/categories?post=1639"},{"taxonomy":"post_tag","embeddable":true,"href":"https:\/\/himpex.com.br\/en\/wp-json\/wp\/v2\/tags?post=1639"}],"curies":[{"name":"wp","href":"https:\/\/api.w.org\/{rel}","templated":true}]}}