{"id":1647,"date":"2025-02-20T00:17:59","date_gmt":"2025-02-20T03:17:59","guid":{"rendered":"https:\/\/dev.tiktok.pro.br\/himpex\/?page_id=1647"},"modified":"2025-03-24T20:01:50","modified_gmt":"2025-03-24T23:01:50","slug":"logistica-rodoviaria","status":"publish","type":"page","link":"https:\/\/himpex.com.br\/en\/logistica-rodoviaria\/","title":{"rendered":"Road Logistics"},"content":{"rendered":"<div data-elementor-type=\"wp-page\" data-elementor-id=\"1647\" class=\"elementor elementor-1647\" data-elementor-post-type=\"page\">\n\t\t\t\t<div class=\"elementor-element elementor-element-ae5ef0f e-flex e-con-boxed e-con e-parent\" data-id=\"ae5ef0f\" data-element_type=\"container\" data-settings=\"{&quot;background_background&quot;:&quot;classic&quot;,&quot;jet_parallax_layout_list&quot;:[]}\">\n\t\t\t\t\t<div class=\"e-con-inner\">\n\t\t<div class=\"elementor-element elementor-element-f5600b1 e-con-full e-flex e-con e-child\" data-id=\"f5600b1\" data-element_type=\"container\" data-settings=\"{&quot;jet_parallax_layout_list&quot;:[]}\">\n\t\t\t\t<div class=\"elementor-element elementor-element-a9a01b9 elementor-widget elementor-widget-heading\" data-id=\"a9a01b9\" data-element_type=\"widget\" data-widget_type=\"heading.default\">\n\t\t\t\t<div class=\"elementor-widget-container\">\n\t\t\t\t\t<h1 class=\"elementor-heading-title elementor-size-default\">Services<\/h1>\t\t\t\t<\/div>\n\t\t\t\t<\/div>\n\t\t\t\t<div class=\"elementor-element elementor-element-165c6e1 elementor-widget-divider--view-line elementor-widget elementor-widget-divider\" data-id=\"165c6e1\" data-element_type=\"widget\" data-widget_type=\"divider.default\">\n\t\t\t\t<div class=\"elementor-widget-container\">\n\t\t\t\t\t\t\t<div class=\"elementor-divider\">\n\t\t\t<span class=\"elementor-divider-separator\">\n\t\t\t\t\t\t<\/span>\n\t\t<\/div>\n\t\t\t\t\t\t<\/div>\n\t\t\t\t<\/div>\n\t\t\t\t<div class=\"elementor-element elementor-element-a150f53 elementor-widget elementor-widget-heading\" data-id=\"a150f53\" data-element_type=\"widget\" data-widget_type=\"heading.default\">\n\t\t\t\t<div class=\"elementor-widget-container\">\n\t\t\t\t\t<h2 class=\"elementor-heading-title elementor-size-default\"><a href=\"\/en\/himpex\/\">Home <\/a><font color=\"#F69200\">\/\/<\/font><a href=\"\/en\/himpex\/servicos\/\"> Services <\/a><font color=\"#F69200\">\/\/<\/font> <a href=\"\/en\/logistica-rodoviaria\/\"> Road Logistics<\/a><\/h2>\t\t\t\t<\/div>\n\t\t\t\t<\/div>\n\t\t\t\t<\/div>\n\t\t\t\t\t<\/div>\n\t\t\t\t<\/div>\n\t\t<div class=\"elementor-element elementor-element-171bc47 e-flex e-con-boxed e-con e-parent\" data-id=\"171bc47\" data-element_type=\"container\" data-settings=\"{&quot;background_background&quot;:&quot;gradient&quot;,&quot;jet_parallax_layout_list&quot;:[]}\">\n\t\t\t\t\t<div class=\"e-con-inner\">\n\t\t<div class=\"elementor-element elementor-element-805ca40 e-con-full e-flex e-con e-child\" data-id=\"805ca40\" data-element_type=\"container\" data-settings=\"{&quot;jet_parallax_layout_list&quot;:[]}\">\n\t\t\t\t<div class=\"elementor-element elementor-element-23f8543 elementor-widget elementor-widget-heading\" data-id=\"23f8543\" data-element_type=\"widget\" data-widget_type=\"heading.default\">\n\t\t\t\t<div class=\"elementor-widget-container\">\n\t\t\t\t\t<h2 class=\"elementor-heading-title elementor-size-default\">Road Logistics<\/h2>\t\t\t\t<\/div>\n\t\t\t\t<\/div>\n\t\t\t\t<div class=\"elementor-element elementor-element-dcf1da1 elementor-widget-divider--view-line elementor-widget elementor-widget-divider\" data-id=\"dcf1da1\" data-element_type=\"widget\" data-widget_type=\"divider.default\">\n\t\t\t\t<div class=\"elementor-widget-container\">\n\t\t\t\t\t\t\t<div class=\"elementor-divider\">\n\t\t\t<span class=\"elementor-divider-separator\">\n\t\t\t\t\t\t<\/span>\n\t\t<\/div>\n\t\t\t\t\t\t<\/div>\n\t\t\t\t<\/div>\n\t\t\t\t<div class=\"elementor-element elementor-element-249290b elementor-widget elementor-widget-text-editor\" data-id=\"249290b\" data-element_type=\"widget\" data-settings=\"{&quot;_animation&quot;:&quot;none&quot;,&quot;_animation_delay&quot;:500}\" data-widget_type=\"text-editor.default\">\n\t\t\t\t<div class=\"elementor-widget-container\">\n\t\t\t\t\t\t\t\t\t<p><span style=\"font-weight: 400;\">H.Impex offers complete road logistics solutions, ensuring fast and secure cargo transportation with a focus on efficiency, cost-effectiveness, and timely deliveries.<\/span><\/p>\t\t\t\t\t\t\t\t<\/div>\n\t\t\t\t<\/div>\n\t\t\t\t<\/div>\n\t\t<div class=\"elementor-element elementor-element-503ced7 e-con-full animated-slow e-flex elementor-invisible e-con e-child\" data-id=\"503ced7\" data-element_type=\"container\" data-settings=\"{&quot;jet_parallax_layout_list&quot;:[],&quot;animation&quot;:&quot;fadeIn&quot;,&quot;background_background&quot;:&quot;classic&quot;}\">\n\t\t\t\t<div class=\"elementor-element elementor-element-063789d elementor-widget elementor-widget-image\" data-id=\"063789d\" data-element_type=\"widget\" data-settings=\"{&quot;motion_fx_tilt_effect&quot;:&quot;yes&quot;,&quot;motion_fx_motion_fx_mouse&quot;:&quot;yes&quot;,&quot;motion_fx_tilt_speed&quot;:{&quot;unit&quot;:&quot;px&quot;,&quot;size&quot;:4,&quot;sizes&quot;:[]}}\" data-widget_type=\"image.default\">\n\t\t\t\t<div class=\"elementor-widget-container\">\n\t\t\t\t\t\t\t\t\t\t\t\t\t\t\t<img fetchpriority=\"high\" decoding=\"async\" width=\"550\" height=\"550\" src=\"https:\/\/himpex.com.br\/wp-content\/uploads\/2025\/03\/logistica_.webp\" class=\"attachment-full size-full wp-image-2405\" alt=\"\" srcset=\"https:\/\/himpex.com.br\/wp-content\/uploads\/2025\/03\/logistica_.webp 550w, https:\/\/himpex.com.br\/wp-content\/uploads\/2025\/03\/logistica_-300x300.webp 300w, https:\/\/himpex.com.br\/wp-content\/uploads\/2025\/03\/logistica_-150x150.webp 150w, https:\/\/himpex.com.br\/wp-content\/uploads\/2025\/03\/logistica_-12x12.webp 12w\" sizes=\"(max-width: 550px) 100vw, 550px\" \/>\t\t\t\t\t\t\t\t\t\t\t\t\t\t\t<\/div>\n\t\t\t\t<\/div>\n\t\t\t\t<\/div>\n\t\t\t\t\t<\/div>\n\t\t\t\t<\/div>\n\t\t<div class=\"elementor-element elementor-element-04295c8 e-flex e-con-boxed e-con e-parent\" data-id=\"04295c8\" data-element_type=\"container\" data-settings=\"{&quot;jet_parallax_layout_list&quot;:[],&quot;background_background&quot;:&quot;gradient&quot;}\">\n\t\t\t\t\t<div class=\"e-con-inner\">\n\t\t<div class=\"elementor-element elementor-element-ac984ce e-con-full e-flex e-con e-child\" data-id=\"ac984ce\" data-element_type=\"container\" data-settings=\"{&quot;jet_parallax_layout_list&quot;:[]}\">\n\t\t<div class=\"elementor-element elementor-element-6b521e5 e-con-full e-flex e-con e-child\" data-id=\"6b521e5\" data-element_type=\"container\" data-settings=\"{&quot;jet_parallax_layout_list&quot;:[]}\">\n\t\t<div class=\"elementor-element elementor-element-69f01dc e-con-full e-flex e-con e-child\" data-id=\"69f01dc\" data-element_type=\"container\" data-settings=\"{&quot;jet_parallax_layout_list&quot;:[],&quot;background_background&quot;:&quot;classic&quot;}\">\n\t\t\t\t<div class=\"elementor-element elementor-element-13fb7f7 elementor-widget elementor-widget-image\" data-id=\"13fb7f7\" data-element_type=\"widget\" data-settings=\"{&quot;motion_fx_motion_fx_mouse&quot;:&quot;yes&quot;,&quot;motion_fx_tilt_effect&quot;:&quot;yes&quot;,&quot;motion_fx_tilt_speed&quot;:{&quot;unit&quot;:&quot;px&quot;,&quot;size&quot;:4,&quot;sizes&quot;:[]}}\" data-widget_type=\"image.default\">\n\t\t\t\t<div class=\"elementor-widget-container\">\n\t\t\t\t\t\t\t\t\t\t\t\t\t\t\t<img decoding=\"async\" width=\"550\" height=\"550\" src=\"https:\/\/himpex.com.br\/wp-content\/uploads\/2025\/03\/dedicado_.webp\" class=\"attachment-large size-large wp-image-2407\" alt=\"\" srcset=\"https:\/\/himpex.com.br\/wp-content\/uploads\/2025\/03\/dedicado_.webp 550w, https:\/\/himpex.com.br\/wp-content\/uploads\/2025\/03\/dedicado_-300x300.webp 300w, https:\/\/himpex.com.br\/wp-content\/uploads\/2025\/03\/dedicado_-150x150.webp 150w, https:\/\/himpex.com.br\/wp-content\/uploads\/2025\/03\/dedicado_-12x12.webp 12w\" sizes=\"(max-width: 550px) 100vw, 550px\" \/>\t\t\t\t\t\t\t\t\t\t\t\t\t\t\t<\/div>\n\t\t\t\t<\/div>\n\t\t\t\t<\/div>\n\t\t<div class=\"elementor-element elementor-element-ec9ce04 e-con-full e-flex e-con e-child\" data-id=\"ec9ce04\" data-element_type=\"container\" data-settings=\"{&quot;jet_parallax_layout_list&quot;:[]}\">\n\t\t\t\t<div class=\"elementor-element elementor-element-ca215fd elementor-widget elementor-widget-heading\" data-id=\"ca215fd\" data-element_type=\"widget\" data-widget_type=\"heading.default\">\n\t\t\t\t<div class=\"elementor-widget-container\">\n\t\t\t\t\t<h4 class=\"elementor-heading-title elementor-size-default\">Dedicated Freight<\/h4>\t\t\t\t<\/div>\n\t\t\t\t<\/div>\n\t\t\t\t<div class=\"elementor-element elementor-element-79b9a14 elementor-widget elementor-widget-text-editor\" data-id=\"79b9a14\" data-element_type=\"widget\" data-settings=\"{&quot;_animation&quot;:&quot;none&quot;,&quot;_animation_delay&quot;:500}\" data-widget_type=\"text-editor.default\">\n\t\t\t\t<div class=\"elementor-widget-container\">\n\t\t\t\t\t\t\t\t\t<p><span style=\"font-weight: 400;\">Our dedicated freight service provides exclusive transportation for your cargo, ensuring greater security, speed, and control. We guarantee that your goods are transported exclusively, without sharing space with other shipments, reducing risks and prioritizing deliveries. This service is ideal for urgent or high-value cargo that requires special care or direct transportation to its destination.<\/span><\/p>\t\t\t\t\t\t\t\t<\/div>\n\t\t\t\t<\/div>\n\t\t\t\t<\/div>\n\t\t\t\t<\/div>\n\t\t\t\t<\/div>\n\t\t\t\t\t<\/div>\n\t\t\t\t<\/div>\n\t\t<div class=\"elementor-element elementor-element-79abd01 e-flex e-con-boxed e-con e-parent\" data-id=\"79abd01\" data-element_type=\"container\" data-settings=\"{&quot;jet_parallax_layout_list&quot;:[],&quot;background_background&quot;:&quot;gradient&quot;}\">\n\t\t\t\t\t<div class=\"e-con-inner\">\n\t\t<div class=\"elementor-element elementor-element-3b4296c e-con-full e-flex e-con e-child\" data-id=\"3b4296c\" data-element_type=\"container\" data-settings=\"{&quot;jet_parallax_layout_list&quot;:[]}\">\n\t\t<div class=\"elementor-element elementor-element-d47a525 e-con-full e-flex e-con e-child\" data-id=\"d47a525\" data-element_type=\"container\" data-settings=\"{&quot;jet_parallax_layout_list&quot;:[]}\">\n\t\t\t\t<div class=\"elementor-element elementor-element-9eba774 elementor-widget elementor-widget-heading\" data-id=\"9eba774\" data-element_type=\"widget\" data-widget_type=\"heading.default\">\n\t\t\t\t<div class=\"elementor-widget-container\">\n\t\t\t\t\t<h4 class=\"elementor-heading-title elementor-size-default\">DDC \u2013 Direct Container Unloading for Trucks<\/h4>\t\t\t\t<\/div>\n\t\t\t\t<\/div>\n\t\t\t\t<div class=\"elementor-element elementor-element-dba0cd2 elementor-widget elementor-widget-text-editor\" data-id=\"dba0cd2\" data-element_type=\"widget\" data-settings=\"{&quot;_animation&quot;:&quot;none&quot;,&quot;_animation_delay&quot;:500}\" data-widget_type=\"text-editor.default\">\n\t\t\t\t<div class=\"elementor-widget-container\">\n\t\t\t\t\t\t\t\t\t<p><span style=\"font-weight: 400;\">Our Direct Container Unloading (DDC) service is an efficient and cost-effective solution that transfers cargo directly from containers to trucks. This significantly reduces demurrage costs, prevents unloading delays, and speeds up the return of empty containers. With DDC, your operations become faster, minimizing waiting times and ensuring seamless logistics execution with high performance and reduced costs.<\/span><\/p>\t\t\t\t\t\t\t\t<\/div>\n\t\t\t\t<\/div>\n\t\t\t\t<\/div>\n\t\t<div class=\"elementor-element elementor-element-8fb34bb e-con-full e-flex e-con e-child\" data-id=\"8fb34bb\" data-element_type=\"container\" data-settings=\"{&quot;jet_parallax_layout_list&quot;:[],&quot;background_background&quot;:&quot;classic&quot;}\">\n\t\t\t\t<div class=\"elementor-element elementor-element-150ba03 elementor-widget elementor-widget-image\" data-id=\"150ba03\" data-element_type=\"widget\" data-settings=\"{&quot;motion_fx_motion_fx_mouse&quot;:&quot;yes&quot;,&quot;motion_fx_tilt_effect&quot;:&quot;yes&quot;,&quot;motion_fx_tilt_speed&quot;:{&quot;unit&quot;:&quot;px&quot;,&quot;size&quot;:4,&quot;sizes&quot;:[]}}\" data-widget_type=\"image.default\">\n\t\t\t\t<div class=\"elementor-widget-container\">\n\t\t\t\t\t\t\t\t\t\t\t\t\t\t\t<img decoding=\"async\" width=\"550\" height=\"550\" src=\"https:\/\/himpex.com.br\/wp-content\/uploads\/2025\/03\/DDC_.webp\" class=\"attachment-large size-large wp-image-2411\" alt=\"\" srcset=\"https:\/\/himpex.com.br\/wp-content\/uploads\/2025\/03\/DDC_.webp 550w, https:\/\/himpex.com.br\/wp-content\/uploads\/2025\/03\/DDC_-300x300.webp 300w, https:\/\/himpex.com.br\/wp-content\/uploads\/2025\/03\/DDC_-150x150.webp 150w, https:\/\/himpex.com.br\/wp-content\/uploads\/2025\/03\/DDC_-12x12.webp 12w\" sizes=\"(max-width: 550px) 100vw, 550px\" \/>\t\t\t\t\t\t\t\t\t\t\t\t\t\t\t<\/div>\n\t\t\t\t<\/div>\n\t\t\t\t<\/div>\n\t\t\t\t<\/div>\n\t\t\t\t\t<\/div>\n\t\t\t\t<\/div>\n\t\t<div class=\"elementor-element elementor-element-78bda5d e-flex e-con-boxed e-con e-parent\" data-id=\"78bda5d\" data-element_type=\"container\" data-settings=\"{&quot;jet_parallax_layout_list&quot;:[],&quot;background_background&quot;:&quot;gradient&quot;}\">\n\t\t\t\t\t<div class=\"e-con-inner\">\n\t\t<div class=\"elementor-element elementor-element-c6e97b0 e-con-full e-flex e-con e-child\" data-id=\"c6e97b0\" data-element_type=\"container\" data-settings=\"{&quot;jet_parallax_layout_list&quot;:[]}\">\n\t\t<div class=\"elementor-element elementor-element-7d38498 e-con-full e-flex e-con e-child\" data-id=\"7d38498\" data-element_type=\"container\" data-settings=\"{&quot;jet_parallax_layout_list&quot;:[],&quot;background_background&quot;:&quot;classic&quot;}\">\n\t\t\t\t<div class=\"elementor-element elementor-element-987768b elementor-widget elementor-widget-image\" data-id=\"987768b\" data-element_type=\"widget\" data-settings=\"{&quot;motion_fx_motion_fx_mouse&quot;:&quot;yes&quot;,&quot;motion_fx_tilt_effect&quot;:&quot;yes&quot;,&quot;motion_fx_tilt_speed&quot;:{&quot;unit&quot;:&quot;px&quot;,&quot;size&quot;:4,&quot;sizes&quot;:[]}}\" data-widget_type=\"image.default\">\n\t\t\t\t<div class=\"elementor-widget-container\">\n\t\t\t\t\t\t\t\t\t\t\t\t\t\t\t<img loading=\"lazy\" decoding=\"async\" width=\"550\" height=\"550\" src=\"https:\/\/himpex.com.br\/wp-content\/uploads\/2025\/03\/Pre-Stacking.webp\" class=\"attachment-large size-large wp-image-2286\" alt=\"\" srcset=\"https:\/\/himpex.com.br\/wp-content\/uploads\/2025\/03\/Pre-Stacking.webp 550w, https:\/\/himpex.com.br\/wp-content\/uploads\/2025\/03\/Pre-Stacking-300x300.webp 300w, https:\/\/himpex.com.br\/wp-content\/uploads\/2025\/03\/Pre-Stacking-150x150.webp 150w, https:\/\/himpex.com.br\/wp-content\/uploads\/2025\/03\/Pre-Stacking-12x12.webp 12w\" sizes=\"(max-width: 550px) 100vw, 550px\" \/>\t\t\t\t\t\t\t\t\t\t\t\t\t\t\t<\/div>\n\t\t\t\t<\/div>\n\t\t\t\t<\/div>\n\t\t<div class=\"elementor-element elementor-element-1b0d28a e-con-full e-flex e-con e-child\" data-id=\"1b0d28a\" data-element_type=\"container\" data-settings=\"{&quot;jet_parallax_layout_list&quot;:[]}\">\n\t\t\t\t<div class=\"elementor-element elementor-element-4ca7c30 elementor-widget elementor-widget-heading\" data-id=\"4ca7c30\" data-element_type=\"widget\" data-widget_type=\"heading.default\">\n\t\t\t\t<div class=\"elementor-widget-container\">\n\t\t\t\t\t<h4 class=\"elementor-heading-title elementor-size-default\">Pre-Stacking<\/h4>\t\t\t\t<\/div>\n\t\t\t\t<\/div>\n\t\t\t\t<div class=\"elementor-element elementor-element-87361aa elementor-widget elementor-widget-text-editor\" data-id=\"87361aa\" data-element_type=\"widget\" data-settings=\"{&quot;_animation&quot;:&quot;none&quot;,&quot;_animation_delay&quot;:500}\" data-widget_type=\"text-editor.default\">\n\t\t\t\t<div class=\"elementor-widget-container\">\n\t\t\t\t\t\t\t\t\t<p><span style=\"font-weight: 400;\">With our pre-stacking service, H.Impex prepares your goods in advance, ensuring a more efficient and streamlined loading process. This includes the strategic arrangement of cargo to optimize container space and prevent loading delays. When necessary, we store the cargo in a support terminal until the ship\u2019s gate opens, ensuring compliance with export deadlines. Pre-stacking offers greater stability, security, and cost reduction while minimizing risks and accelerating loading and unloading.<\/span><\/p>\t\t\t\t\t\t\t\t<\/div>\n\t\t\t\t<\/div>\n\t\t\t\t<\/div>\n\t\t\t\t<\/div>\n\t\t\t\t\t<\/div>\n\t\t\t\t<\/div>\n\t\t<div class=\"elementor-element elementor-element-a3117c8 e-flex e-con-boxed e-con e-parent\" data-id=\"a3117c8\" data-element_type=\"container\" data-settings=\"{&quot;jet_parallax_layout_list&quot;:[],&quot;background_background&quot;:&quot;gradient&quot;}\">\n\t\t\t\t\t<div class=\"e-con-inner\">\n\t\t<div class=\"elementor-element elementor-element-6bc720b e-con-full e-flex e-con e-child\" data-id=\"6bc720b\" data-element_type=\"container\" data-settings=\"{&quot;jet_parallax_layout_list&quot;:[]}\">\n\t\t<div class=\"elementor-element elementor-element-8a78d93 e-con-full e-flex e-con e-child\" data-id=\"8a78d93\" data-element_type=\"container\" data-settings=\"{&quot;jet_parallax_layout_list&quot;:[]}\">\n\t\t\t\t<div class=\"elementor-element elementor-element-3a333f6 elementor-widget elementor-widget-heading\" data-id=\"3a333f6\" data-element_type=\"widget\" data-widget_type=\"heading.default\">\n\t\t\t\t<div class=\"elementor-widget-container\">\n\t\t\t\t\t<h4 class=\"elementor-heading-title elementor-size-default\">Storage<\/h4>\t\t\t\t<\/div>\n\t\t\t\t<\/div>\n\t\t\t\t<div class=\"elementor-element elementor-element-43a37e4 elementor-widget elementor-widget-text-editor\" data-id=\"43a37e4\" data-element_type=\"widget\" data-settings=\"{&quot;_animation&quot;:&quot;none&quot;,&quot;_animation_delay&quot;:500}\" data-widget_type=\"text-editor.default\">\n\t\t\t\t<div class=\"elementor-widget-container\">\n\t\t\t\t\t\t\t\t\t<p><span style=\"font-weight: 400;\">H.Impex offers flexible and secure storage solutions, allowing your cargo to be safely stored until delivery. With modern management systems, we provide full cargo control, operational agility, and the security needed to maintain product integrity. Our storage service is ideal for businesses looking to optimize cargo flow, ensuring quick and hassle-free access, always with the possibility of on-time deliveries.<\/span><\/p>\t\t\t\t\t\t\t\t<\/div>\n\t\t\t\t<\/div>\n\t\t\t\t<\/div>\n\t\t<div class=\"elementor-element elementor-element-7ea6d1f e-con-full e-flex e-con e-child\" data-id=\"7ea6d1f\" data-element_type=\"container\" data-settings=\"{&quot;jet_parallax_layout_list&quot;:[],&quot;background_background&quot;:&quot;classic&quot;}\">\n\t\t\t\t<div class=\"elementor-element elementor-element-217107c elementor-widget elementor-widget-image\" data-id=\"217107c\" data-element_type=\"widget\" data-settings=\"{&quot;motion_fx_tilt_effect&quot;:&quot;yes&quot;,&quot;motion_fx_motion_fx_mouse&quot;:&quot;yes&quot;,&quot;motion_fx_tilt_speed&quot;:{&quot;unit&quot;:&quot;px&quot;,&quot;size&quot;:4,&quot;sizes&quot;:[]}}\" data-widget_type=\"image.default\">\n\t\t\t\t<div class=\"elementor-widget-container\">\n\t\t\t\t\t\t\t\t\t\t\t\t\t\t\t<img loading=\"lazy\" decoding=\"async\" width=\"550\" height=\"550\" src=\"https:\/\/himpex.com.br\/wp-content\/uploads\/2025\/03\/armazenagem_.webp\" class=\"attachment-large size-large wp-image-2394\" alt=\"\" srcset=\"https:\/\/himpex.com.br\/wp-content\/uploads\/2025\/03\/armazenagem_.webp 550w, https:\/\/himpex.com.br\/wp-content\/uploads\/2025\/03\/armazenagem_-300x300.webp 300w, https:\/\/himpex.com.br\/wp-content\/uploads\/2025\/03\/armazenagem_-150x150.webp 150w, https:\/\/himpex.com.br\/wp-content\/uploads\/2025\/03\/armazenagem_-12x12.webp 12w\" sizes=\"(max-width: 550px) 100vw, 550px\" \/>\t\t\t\t\t\t\t\t\t\t\t\t\t\t\t<\/div>\n\t\t\t\t<\/div>\n\t\t\t\t<\/div>\n\t\t\t\t<\/div>\n\t\t\t\t\t<\/div>\n\t\t\t\t<\/div>\n\t\t\t\t<\/div>","protected":false},"excerpt":{"rendered":"<p>Servi\u00e7os Home \/\/ Servi\u00e7os \/\/ Log\u00edstica Rodovi\u00e1ria Log\u00edstica Rodovi\u00e1ria A H.Impex oferece solu\u00e7\u00f5es completas de log\u00edstica rodovi\u00e1ria, garantindo transporte r\u00e1pido e seguro de sua carga, com foco em efici\u00eancia, custo-benef\u00edcio e entrega pontual. Frete Dedicado O servi\u00e7o de frete dedicado garante exclusividade no transporte de sua carga, proporcionando maior seguran\u00e7a, rapidez e controle. Asseguramos que [&hellip;]<\/p>","protected":false},"author":1,"featured_media":0,"parent":0,"menu_order":0,"comment_status":"closed","ping_status":"closed","template":"elementor_header_footer","meta":{"footnotes":""},"categories":[12],"tags":[],"class_list":["post-1647","page","type-page","status-publish","hentry","category-servicos"],"_links":{"self":[{"href":"https:\/\/himpex.com.br\/en\/wp-json\/wp\/v2\/pages\/1647","targetHints":{"allow":["GET"]}}],"collection":[{"href":"https:\/\/himpex.com.br\/en\/wp-json\/wp\/v2\/pages"}],"about":[{"href":"https:\/\/himpex.com.br\/en\/wp-json\/wp\/v2\/types\/page"}],"author":[{"embeddable":true,"href":"https:\/\/himpex.com.br\/en\/wp-json\/wp\/v2\/users\/1"}],"replies":[{"embeddable":true,"href":"https:\/\/himpex.com.br\/en\/wp-json\/wp\/v2\/comments?post=1647"}],"version-history":[{"count":64,"href":"https:\/\/himpex.com.br\/en\/wp-json\/wp\/v2\/pages\/1647\/revisions"}],"predecessor-version":[{"id":2583,"href":"https:\/\/himpex.com.br\/en\/wp-json\/wp\/v2\/pages\/1647\/revisions\/2583"}],"wp:attachment":[{"href":"https:\/\/himpex.com.br\/en\/wp-json\/wp\/v2\/media?parent=1647"}],"wp:term":[{"taxonomy":"category","embeddable":true,"href":"https:\/\/himpex.com.br\/en\/wp-json\/wp\/v2\/categories?post=1647"},{"taxonomy":"post_tag","embeddable":true,"href":"https:\/\/himpex.com.br\/en\/wp-json\/wp\/v2\/tags?post=1647"}],"curies":[{"name":"wp","href":"https:\/\/api.w.org\/{rel}","templated":true}]}}